{"id":1574,"date":"2020-07-04T15:28:13","date_gmt":"2020-07-04T13:28:13","guid":{"rendered":"http:\/\/leniddange.com\/?page_id=1574"},"modified":"2020-07-04T15:28:13","modified_gmt":"2020-07-04T13:28:13","slug":"mentions-legales","status":"publish","type":"page","link":"https:\/\/leniddange.com\/?page_id=1574","title":{"rendered":"Mentions L\u00e9gales"},"content":{"rendered":"<p><strong>Traitements de donn\u00e9es personnelles<\/strong><\/p>\n<p>L\u2019utilisateur dispose d\u2019un droit d\u2019interrogation, d\u2019acc\u00e8s, de modification, d\u2019opposition et de rectification sur les donn\u00e9es personnelles le concernant: il est possible de demander que ces donn\u00e9es soient rectifi\u00e9es, compl\u00e9t\u00e9es, clarifi\u00e9es, mises \u00e0 jour ou effac\u00e9es.<\/p>\n<p>En particulier, il est possible de se d\u00e9sinscrire de la newsletter du site gr\u00e2ce \u00e0 un lien situ\u00e9 en bas de chaque email envoy\u00e9.<\/p>\n<p>Vous pouvez \u00e9galement acc\u00e9der et modifier vos donn\u00e9es personnelles (pr\u00e9nom et email) \u00e0 tout moment en cliquant sur le lien pr\u00e9sent \u00e0 la fin de chaque email envoy\u00e9.<\/p>\n<p>La finalit\u00e9 de la newsletter est de recevoir des conseils au travers de l\u2019envoi d\u2019emails d\u2019information et\/ou de promotion de produits ou services (les n\u00f4tres, ou ceux de nos partenaires si nous estimons qu\u2019ils sont de qualit\u00e9 et qu\u2019ils pourront vous aider).<\/p>\n<p>Tout comme vous, nous ha\u00efssons les spams, et ici votre vie priv\u00e9e est respect\u00e9e: Votre adresse email ne sera jamais vendue ou partag\u00e9e avec qui que ce soit.<\/p>\n<p>Donn\u00e9es obligatoires\/facultatives: pour recevoir la newsletter vous devez indiquer pr\u00e9nom et votre adresse email pour pouvoir vous inscrire (oui c\u2019est une obligation l\u00e9gale d\u2019\u00e9crire cela !). Pas d\u2019email, ni de pr\u00e9nom : pas de newsletter, ni de vid\u00e9o.<\/p>\n<p>Destinataires: les destinataires de ces traitements sont les personnes inscrites \u00e0 la newsletter, l\u2019\u00e9diteur du site et ses sous-traitants.<\/p>\n<p>Dur\u00e9e de stockage des donn\u00e9es : les donn\u00e9es des personnes inscrites \u00e0 la newsletter sont automatiquement effac\u00e9es quand ces personnes n\u2019ont pas ouvert au moins un email ou n\u2019ont pas cliqu\u00e9 sur au moins un lien au bout d\u2019un an, ou moins.<\/p>\n<p>Les mesures de s\u00e9curit\u00e9 suivantes ont \u00e9t\u00e9 mises en place pour prot\u00e9ger vos donn\u00e9es personnelles :<\/p>\n<ul>\n<li>Mise en place du protocole HTTPS permettant de garantir la s\u00e9curit\u00e9 des utilisateurs ainsi que des donn\u00e9es que vous \u00e9changez<\/li>\n<li>Installation d\u2019extensions anti-spam<\/li>\n<li>Utilisation d\u2019un auto-r\u00e9pondeur s\u00e9curis\u00e9 et certifi\u00e9e \u00ab Privacy Shield \u00bb (Active Campaign)<\/li>\n<\/ul>\n<p><strong>Cookies<\/strong><\/p>\n<p>L\u2019utilisateur est inform\u00e9 que des cookies peuvent s\u2019installer sur son navigateur. Dans tous les cas l\u2019utilisateur peut librement effacer ses cookies de son navigateur.<\/p>\n<p>Si vous d\u00e9posez un commentaire sur notre site, il vous sera propos\u00e9 d\u2019enregistrer votre nom, adresse de messagerie et site web dans des cookies. C\u2019est uniquement pour votre confort afin de ne pas avoir \u00e0 saisir ces informations si vous d\u00e9posez un autre commentaire plus tard. Ces cookies expirent au bout d\u2019un an.<\/p>\n<p>Si vous avez un compte et que vous vous connectez sur ce site, un cookie temporaire sera cr\u00e9\u00e9 afin de d\u00e9terminer si votre navigateur accepte les cookies. Il ne contient pas de donn\u00e9es personnelles et sera supprim\u00e9 automatiquement \u00e0 la fermeture de votre navigateur.<\/p>\n<p>Lorsque vous vous connecterez, nous mettrons en place un certain nombre de cookies pour enregistrer vos informations de connexion et vos pr\u00e9f\u00e9rences d\u2019\u00e9cran. La dur\u00e9e de vie d\u2019un cookie de connexion est de deux jours, celle d\u2019un cookie d\u2019option d\u2019\u00e9cran est d\u2019un an. Si vous cochez \u00ab\u00a0Se souvenir de moi\u00a0\u00bb, votre cookie de connexion sera conserv\u00e9 pendant deux semaines. Si vous vous d\u00e9connectez de votre compte, le cookie de connexion sera effac\u00e9.<\/p>\n<p>En modifiant ou en publiant un article, un cookie suppl\u00e9mentaire sera enregistr\u00e9 dans votre navigateur. Ce cookie ne comprend aucune donn\u00e9e personnelle. Il indique simplement l\u2019identifiant de l\u2019article que vous venez de modifier. Il expire au bout d\u2019un jour.<\/p>\n<p>Vous avez la possibilit\u00e9 de d\u00e9sactiver\u00a0les cookies en vous rendant dans les options de votre navigateur.\u00a0Cliquez sur le lien correspondant \u00e0 votre navigateur pour d\u00e9couvrir\u00a0comment faire\u00a0:<\/p>\n<ul>\n<li><a class=\"external\" href=\"https:\/\/support.google.com\/chrome\/answer\/95647?hl=fr\" target=\"_blank\" rel=\"noopener\">Google Chrome<\/a><\/li>\n<li><a class=\"external\" href=\"https:\/\/support.mozilla.org\/fr\/kb\/activer-desactiver-cookies\" target=\"_blank\" rel=\"noopener\">Mozilla Firefox<\/a><\/li>\n<li><a class=\"external\" href=\"http:\/\/support.apple.com\/kb\/PH17191?viewlocale=fr_FR&amp;locale=en_US\" target=\"_blank\" rel=\"noopener\">Safari<\/a><\/li>\n<li><a class=\"external\" href=\"http:\/\/help.opera.com\/Windows\/10.20\/fr\/cookies.html\" target=\"_blank\" rel=\"noopener\">Opera<\/a><\/li>\n<li><a class=\"external\" href=\"http:\/\/windows.microsoft.com\/fr-fr\/internet-explorer\/delete-manage-cookies#ie=ie-11\" target=\"_blank\" rel=\"noopener\" data-et-has-event-already=\"true\">Internet Explorer<\/a><\/li>\n<\/ul>\n<p><strong>Contenu embarqu\u00e9 depuis d\u2019autres sites<\/strong><\/p>\n<p>Les articles de ce site peuvent inclure des contenus int\u00e9gr\u00e9s (par exemple des vid\u00e9os, images, articles\u2026). Le contenu int\u00e9gr\u00e9 depuis d\u2019autres sites se comporte de la m\u00eame mani\u00e8re que si le visiteur se rendait sur cet autre site.<\/p>\n<p>Ces sites web pourraient collecter des donn\u00e9es sur vous, utiliser des cookies, embarquer des outils de suivis tiers, suivre vos interactions avec ces contenus embarqu\u00e9s si vous disposez d\u2019un compte connect\u00e9 sur leur site web.<\/p>\n<p><strong>Dur\u00e9es de stockage de vos donn\u00e9es<\/strong><\/p>\n<p>Si vous laissez un commentaire, le commentaire et ses m\u00e9tadonn\u00e9es sont conserv\u00e9s ind\u00e9finiment. Cela permet de reconna\u00eetre et approuver automatiquement les commentaires suivants au lieu de les laisser dans la file de mod\u00e9ration.<\/p>\n<p>Pour les utilisateurs et utilisatrices qui s\u2019enregistrent sur notre site (si cela est possible), nous stockons \u00e9galement les donn\u00e9es personnelles indiqu\u00e9es dans leur profil. Tous les utilisateurs et utilisatrices peuvent voir, modifier ou supprimer leurs informations personnelles \u00e0 tout moment (\u00e0 l\u2019exception de leur nom d\u2019utilisateur\u00b7ice). Les gestionnaires du site peuvent aussi voir et modifier ces informations.<\/p>\n<p><strong>Les droits que vous avez sur vos donn\u00e9es<\/strong><\/p>\n<p>Si vous avez un compte ou si vous avez laiss\u00e9 des commentaires sur le site, vous pouvez demander \u00e0 recevoir un fichier contenant toutes les donn\u00e9es personnelles que nous poss\u00e9dons \u00e0 votre sujet, incluant celles que vous nous avez fournies. Vous pouvez \u00e9galement demander la suppression des donn\u00e9es personnelles vous concernant. Cela ne prend pas en compte les donn\u00e9es stock\u00e9es \u00e0 des fins administratives, l\u00e9gales ou pour des raisons de s\u00e9curit\u00e9.<\/p>\n<p><strong>Service de Visioconf\u00e9rence Zoom<br \/>\n<\/strong><\/p>\n<p>L\u2019utilisation des Services est \u00e9galement soumise \u00e0 la Politique de confidentialit\u00e9 de Zoom, vers laquelle pointe un lien en pied de page sur le site Web de Zoom. La Politique de confidentialit\u00e9 et toutes les politiques mentionn\u00e9es sur la page <a href=\"https:\/\/zoom.us\/fr-fr\/privacy-and-legal.html\">https:\/\/zoom.us\/fr-fr\/privacy-and-legal.html<\/a> sont int\u00e9gr\u00e9es au pr\u00e9sent Contrat par r\u00e9f\u00e9rence. Par ailleurs, si Votre Utilisation des Services impose \u00e0 Zoom de traiter des informations permettant de vous identifier (des \u00ab\u00a0Renseignements nominatifs\u00a0\u00bb ou \u00ab\u00a0Donn\u00e9es personnelles\u00a0\u00bb), Zoom assurera ce traitement en se conformant \u00e0 tout moment \u00e0 l\u2019Addenda relatif au traitement des donn\u00e9es mondial de Zoom disponible \u00e0 l\u2019adresse <a href=\"https:\/\/zoom.us\/docs\/doc\/Zoom_GLOBAL_DPA.pdf\">https:\/\/zoom.us\/docs\/doc\/Zoom_GLOBAL_DPA.pdf<\/a> et int\u00e9gr\u00e9 aux pr\u00e9sentes Conditions de service. En outre, Vous comprenez et acceptez que Zoom puisse Vous contacter par e-mail ou autrement pour vous communiquer des informations relatives \u00e0 Votre utilisation des Services, m\u00eame si Vous avez choisi de ne pas recevoir d\u2019avis et de communications marketing.<\/p>\n<p>Pour savoir plus sur l&rsquo;utilisation du service de visioconf\u00e9rence Zoom veuillez visiter cette page : <a href=\"https:\/\/zoom.us\/fr-fr\/terms.html\">https:\/\/zoom.us\/fr-fr\/terms.html<\/a><\/p>\n","protected":false},"excerpt":{"rendered":"<p>Traitements de donn\u00e9es personnelles L\u2019utilisateur dispose d\u2019un droit d\u2019interrogation, d\u2019acc\u00e8s, de &#8230; <\/p>\n","protected":false},"author":1,"featured_media":0,"parent":0,"menu_order":0,"comment_status":"closed","ping_status":"closed","template":"","meta":{"footnotes":""},"class_list":["post-1574","page","type-page","status-publish","hentry"],"_links":{"self":[{"href":"https:\/\/leniddange.com\/index.php?rest_route=\/wp\/v2\/pages\/1574","targetHints":{"allow":["GET"]}}],"collection":[{"href":"https:\/\/leniddange.com\/index.php?rest_route=\/wp\/v2\/pages"}],"about":[{"href":"https:\/\/leniddange.com\/index.php?rest_route=\/wp\/v2\/types\/page"}],"author":[{"embeddable":true,"href":"https:\/\/leniddange.com\/index.php?rest_route=\/wp\/v2\/users\/1"}],"replies":[{"embeddable":true,"href":"https:\/\/leniddange.com\/index.php?rest_route=%2Fwp%2Fv2%2Fcomments&post=1574"}],"version-history":[{"count":0,"href":"https:\/\/leniddange.com\/index.php?rest_route=\/wp\/v2\/pages\/1574\/revisions"}],"wp:attachment":[{"href":"https:\/\/leniddange.com\/index.php?rest_route=%2Fwp%2Fv2%2Fmedia&parent=1574"}],"curies":[{"name":"wp","href":"https:\/\/api.w.org\/{rel}","templated":true}]}}