{"id":1541,"date":"2020-06-14T19:52:23","date_gmt":"2020-06-14T17:52:23","guid":{"rendered":"https:\/\/leniddange.com\/?page_id=1541"},"modified":"2020-06-14T19:52:23","modified_gmt":"2020-06-14T17:52:23","slug":"cours-en-ligne-2-copy","status":"publish","type":"page","link":"https:\/\/leniddange.com\/?page_id=1541","title":{"rendered":"Cours en ligne"},"content":{"rendered":"<div class=\"wpb-content-wrapper\"><p>[vc_row][vc_column][vc_accordion active_tab=\u00a0\u00bb1&Prime; type=\u00a0\u00bbcustom\u00a0\u00bb size=\u00a0\u00bbpanel-group-lg\u00a0\u00bb skin=\u00a0\u00bbprimary\u00a0\u00bb][vc_accordion_tab title=\u00a0\u00bbSuivi de Grossesse\u00a0\u00bb show_icon=\u00a0\u00bbyes\u00a0\u00bb icon=\u00a0\u00bbfa fa-chevron-right\u00a0\u00bb][vc_column_text]<span class=\"s2\">Que se passe-t-il dans votre corps\u00a0? Comment \u00e9volue votre grossesse semaine apr\u00e8s semaine\u00a0?&#8230; <\/span><\/p>\n<p><span class=\"s2\">Gr\u00e2ce \u00e0 notre suivi de la grossesse, vous d\u00e9couvrirez l&rsquo;essentiel sur votre grossesse semaine par semaine, qu&rsquo;il s&rsquo;agisse du d\u00e9veloppement de b\u00e9b\u00e9 in utero ou des petits al\u00e9as de la femme enceinte, en passant par les fluctuations de la libido ou des conseils alimentaires \u00e0 respecter. Un suivie indispensable pour 9 mois de bonheur avec notre sage femme.<\/span>[\/vc_column_text][vc_cta h2=\u00a0\u00bb8 questions(15minutes) \/ 1 000 DA par mois\u00a0\u00bb h2_font_container=\u00a0\u00bbfont_size:24px\u00a0\u00bb h2_use_theme_fonts=\u00a0\u00bbyes\u00a0\u00bb add_button=\u00a0\u00bbright\u00a0\u00bb btn_title=\u00a0\u00bbR\u00e9servez votre place\u00a0\u00bb btn_style=\u00a0\u00bboutline\u00a0\u00bb btn_skin=\u00a0\u00bbprimary\u00a0\u00bb use_custom_fonts_h2=\u00a0\u00bbtrue\u00a0\u00bb btn_link=\u00a0\u00bburl:http%3A%2F%2Fleniddange.com%2F%3Fpage_id%3D1507|||\u00a0\u00bb][\/vc_cta][\/vc_accordion_tab][vc_accordion_tab title=\u00a0\u00bbPr\u00e9paration \u00e0 l\u2019accouchement\u00a0\u00bb show_icon=\u00a0\u00bbyes\u00a0\u00bb icon=\u00a0\u00bbfa fa-chevron-right\u00a0\u00bb][vc_column_text]<span style=\"font-size: 20px;\"><span class=\"s2\">Une plateforme de sophrologie pr\u00e9natale \u00e0 partir de la 28 semaines de grossesse pour vous d\u00e9tendre et vous aider \u00e0 l\u00e2cher prise avant votre accouchement<\/span>.<\/span>[\/vc_column_text][vc_row_inner][vc_column_inner width=\u00a0\u00bb1\/4&Prime;][vc_column_text]<\/p>\n<h3 style=\"text-align: center;\"><span class=\"s2\" style=\"color: #ec008c;\">Atelier 1 <\/span><\/h3>\n<p><span class=\"s2\">Pr\u00e9sentation de votre suivi global et de votre sage-femme Comment profiter de ces semaines pour vous faire du bien et vous pr\u00e9parer au mieux \u00e0 vivre l\u2019accouchement dont vous r\u00eavez en \u00e9tant bien accompagn\u00e9e.<\/span>[\/vc_column_text][\/vc_column_inner][vc_column_inner width=\u00a0\u00bb1\/4&Prime;][vc_column_text]<\/p>\n<h3 style=\"text-align: center;\"><span class=\"s2\" style=\"color: #ec008c;\">Atelier 2 <\/span><\/h3>\n<p><span class=\"s2\">Profiter de vos derniers mois de grossesse pour mieux vivre votre accouchement : apprenez \u00e0 bien vous conna\u00eetre, vos angoisses, vos peurs, votre v\u00e9cu\u2026 tous ces param\u00e8tres influencent votre capacit\u00e9 \u00e0 de donner la vie \u00e0 votre b\u00e9b\u00e9 dans la joie et \u00e0 la s\u00e9r\u00e9nit\u00e9.<\/span>[\/vc_column_text][\/vc_column_inner][vc_column_inner width=\u00a0\u00bb1\/4&Prime;][vc_column_text]<\/p>\n<h3 style=\"text-align: center;\"><span class=\"s2\" style=\"color: #ec008c;\">Atelier 3 <\/span><\/h3>\n<p><span class=\"s2\">S\u00e9ance d\u2019exercices pratiques sur le ballon, \u00e0 r\u00e9aliser tout au long de votre grossesse pour assouplir votre corps et fluidifier vos mouvements : deux dimensions essentielles d\u2019un accouchement physiologique.<\/span>[\/vc_column_text][\/vc_column_inner][vc_column_inner width=\u00a0\u00bb1\/4&Prime;][vc_column_text]<\/p>\n<h3 style=\"text-align: center;\"><span class=\"s2\" style=\"color: #ec008c;\">Atelier 4 <\/span><\/h3>\n<p><span class=\"s2\">Le pr\u00e9-travail Comment le vivre \u00e0 la maison et quand partir \u00e0 la maternit\u00e9 ? Comment vivre le d\u00e9but de votre accouchement \u00e0 la maison, dans des conditions optimales pour bien g\u00e9rer les contractions et se sentir en confiance pour partir \u00e0 la maternit\u00e9 au bon moment.<\/span>[\/vc_column_text][\/vc_column_inner][\/vc_row_inner][vc_empty_space height=\u00a0\u00bb20px\u00a0\u00bb][vc_row_inner][vc_column_inner width=\u00a0\u00bb1\/4&Prime;][vc_column_text]<\/p>\n<h3 style=\"text-align: center;\"><span class=\"s2\" style=\"color: #ec008c;\">Atelier 5 <\/span><\/h3>\n<p><span class=\"s2\">Vivre un accouchement respect\u00e9 \u00e0 la maternit\u00e9 : Tout ce que vous pouvez demander, mais aussi refuser, pour vivre un bel accouchement \u00e0 la maternit\u00e9.<\/span>[\/vc_column_text][\/vc_column_inner][vc_column_inner width=\u00a0\u00bb1\/4&Prime;][vc_column_text]<\/p>\n<h3 style=\"text-align: center;\"><span class=\"s2\" style=\"color: #ec008c;\">Atelier 6 <\/span><\/h3>\n<p><span class=\"s2\">Les exercices de respiration qui facilitent vraiment la naissance Ma\u00eetriser, \u00e9largir et fluidifier votre respiration pour mieux oxyg\u00e9ner votre b\u00e9b\u00e9, mais aussi faciliter sa descente et sa naissance. Ces exercices sont \u00e0 r\u00e9aliser sans mod\u00e9ration \u00e0 n\u2019importe quel moment de la grossesse et tout au long du travail.<\/span>[\/vc_column_text][\/vc_column_inner][vc_column_inner width=\u00a0\u00bb1\/4&Prime;][vc_column_text]<\/p>\n<h3 style=\"text-align: center;\"><span class=\"s2\"><span style=\"color: #ec008c;\">Atelier 7<\/span><br \/>\n<\/span><\/h3>\n<p><span class=\"s2\">Pr\u00e9parer et masser son p\u00e9rin\u00e9e pour faciliter la naissance : Le point de massage du p\u00e9rin\u00e9e qui acc\u00e9l\u00e8re et facilite la derni\u00e8re phase d\u2019expulsion\u2026 et bien d\u2019autres encore.<\/span>[\/vc_column_text][\/vc_column_inner][vc_column_inner width=\u00a0\u00bb1\/4&Prime;][vc_column_text]<\/p>\n<h3 style=\"text-align: center;\"><span class=\"s2\"><span style=\"color: #ec008c;\">Atelier 8<\/span> <\/span><\/h3>\n<p><span class=\"s2\">Les derni\u00e8res semaine de grossesse et la date de terme : Comment bien vivre votre dernier mois de grossesse jusqu\u2019\u00e0 votre date de terme. Mais aussi tout savoir sur ce qu\u2019on vous propose et ce que vous pouvez faire si vous la d\u00e9passez. \u00ab\u00a0R\u00e9\u00e9ducation du p\u00e9rin\u00e9e\u00a0\u00bb<\/span>[\/vc_column_text][\/vc_column_inner][\/vc_row_inner][vc_cta h2=\u00a0\u00bbPrix des 8 ateliers de la pr\u00e9paration \u00e0 l\u2019accouchement : 6 000 DA\u00a0\u00bb h2_font_container=\u00a0\u00bbfont_size:24px\u00a0\u00bb h2_use_theme_fonts=\u00a0\u00bbyes\u00a0\u00bb add_button=\u00a0\u00bbright\u00a0\u00bb btn_title=\u00a0\u00bbR\u00e9servez votre place\u00a0\u00bb btn_style=\u00a0\u00bboutline\u00a0\u00bb btn_skin=\u00a0\u00bbprimary\u00a0\u00bb use_custom_fonts_h2=\u00a0\u00bbtrue\u00a0\u00bb btn_link=\u00a0\u00bburl:http%3A%2F%2Fleniddange.com%2F%3Fpage_id%3D1507|||\u00a0\u00bb][\/vc_cta][\/vc_accordion_tab][vc_accordion_tab title=\u00a0\u00bbAtelier Pu\u00e9riculture\u00a0\u00bb show_icon=\u00a0\u00bbyes\u00a0\u00bb icon=\u00a0\u00bbfa fa-chevron-right\u00a0\u00bb][vc_column_text]<\/p>\n<p class=\"p3\"><span class=\"s2\">De la toilette au couchage, en passant par les premiers gestes en cas d\u2019urgence, le nid d\u2019ange vous propose un cours de pu\u00e9riculture dispens\u00e9 par nos pu\u00e9ricultrices.<\/span><span class=\"s2\"><br \/>\n<\/span><\/p>\n<p class=\"p1\"><span class=\"s1\">Th\u00e8mes abord\u00e9s<\/span><\/p>\n<ul class=\"ul2\">\n<li class=\"li3\"><span class=\"s2\"> Le mat\u00e9riel de pu\u00e9riculture, la toilette, le bain et autres soins, le retour \u00e0 la maison, les premi\u00e8res sorties et les modes de garde<\/span><\/li>\n<li class=\"li3\"><span class=\"s2\"> Le sommeil, le couchage du nourrisson et les maladies\u00a0<\/span><\/li>\n<li class=\"li3\"><span class=\"s2\"> Le d\u00e9veloppement psycho-affectif et psychomoteur de l\u2019enfant, la pr\u00e9vention des accidents domestiques et les premiers gestes en cas d\u2019urgence<\/span><\/li>\n<\/ul>\n<p>[\/vc_column_text][vc_cta h2=\u00a0\u00bb2 000 DA la s\u00e9ance de dur\u00e9e de 1h30&Prime; h2_font_container=\u00a0\u00bbfont_size:24px\u00a0\u00bb h2_use_theme_fonts=\u00a0\u00bbyes\u00a0\u00bb add_button=\u00a0\u00bbright\u00a0\u00bb btn_title=\u00a0\u00bbR\u00e9servez votre place\u00a0\u00bb btn_style=\u00a0\u00bboutline\u00a0\u00bb btn_skin=\u00a0\u00bbprimary\u00a0\u00bb use_custom_fonts_h2=\u00a0\u00bbtrue\u00a0\u00bb btn_link=\u00a0\u00bburl:http%3A%2F%2Fleniddange.com%2F%3Fpage_id%3D1507|||\u00a0\u00bb][\/vc_cta][\/vc_accordion_tab][vc_accordion_tab title=\u00a0\u00bbAtelier Allaitement\u00a0\u00bb show_icon=\u00a0\u00bbyes\u00a0\u00bb icon=\u00a0\u00bbfa fa-chevron-right\u00a0\u00bb][vc_column_text]Tout savoir sur l&rsquo;allaitement<\/p>\n<ul>\n<li>La mise en route de l\u2019allaitement<\/li>\n<li>Les positions de l\u2019allaitement<\/li>\n<li>La mont\u00e9e de lait<\/li>\n<li>Le materiel necessaire<\/li>\n<li>Comment eviter les vergetures<\/li>\n<li>Comment pr\u00e9parer ses tetons<\/li>\n<li>Les complications<\/li>\n<\/ul>\n<p>[\/vc_column_text][vc_cta h2=\u00a0\u00bb1 500 DA la s\u00e9ance de dur\u00e9e de 1h\u00a0\u00bb h2_font_container=\u00a0\u00bbfont_size:24px\u00a0\u00bb h2_use_theme_fonts=\u00a0\u00bbyes\u00a0\u00bb add_button=\u00a0\u00bbright\u00a0\u00bb btn_title=\u00a0\u00bbR\u00e9servez votre place\u00a0\u00bb btn_style=\u00a0\u00bboutline\u00a0\u00bb btn_skin=\u00a0\u00bbprimary\u00a0\u00bb use_custom_fonts_h2=\u00a0\u00bbtrue\u00a0\u00bb btn_link=\u00a0\u00bburl:http%3A%2F%2Fleniddange.com%2F%3Fpage_id%3D1507|||\u00a0\u00bb][\/vc_cta][\/vc_accordion_tab][vc_accordion_tab title=\u00a0\u00bbAtelier Nutrition &#8211; B\u00e9b\u00e9\u00a0\u00bb show_icon=\u00a0\u00bbyes\u00a0\u00bb icon=\u00a0\u00bbfa fa-chevron-right\u00a0\u00bb][vc_column_text]Diversification alimentaire de b\u00e9b\u00e9 : on commence entre 4 et 6 mois<\/p>\n<p>Les m\u00e9decins sont d\u00e9sormais d\u2019accord : c\u2019est entre 4 mois r\u00e9volus et 6 mois que l\u2019on peut d\u00e9buter la diversification alimentaire. Un seul mot d\u2019ordre : un aliment nouveau apr\u00e8s l\u2019autre, en toutes petites quantit\u00e9s.<\/p>\n<ul>\n<li>Diversification alimentaire : les premiers repas de b\u00e9b\u00e9<\/li>\n<li>Le lait, indispensable pour b\u00e9b\u00e9<\/li>\n<li>Les c\u00e9r\u00e9ales pour mon b\u00e9b\u00e9 : avec mod\u00e9ration<\/li>\n<li>5 r\u00e8gles d&rsquo;or de la.diversification alimentaire<\/li>\n<li>Les l\u00e9gumes, \u00e0 introduire un par un dans l\u2019assiette de b\u00e9b\u00e9<\/li>\n<li>Les fruits pour b\u00e9b\u00e9 : apr\u00e8s les l\u00e9gumes<\/li>\n<li>La viande, le poisson et l\u2019\u0153uf : une fois par jour dans l&rsquo;assiette de b\u00e9b\u00e9<\/li>\n<li>Passer \u00e0 table<\/li>\n<\/ul>\n<p>[\/vc_column_text][vc_cta h2=\u00a0\u00bb1 500 DA la s\u00e9ance de dur\u00e9e de 1h30&Prime; h2_font_container=\u00a0\u00bbfont_size:24px\u00a0\u00bb h2_use_theme_fonts=\u00a0\u00bbyes\u00a0\u00bb add_button=\u00a0\u00bbright\u00a0\u00bb btn_title=\u00a0\u00bbR\u00e9servez votre place\u00a0\u00bb btn_style=\u00a0\u00bboutline\u00a0\u00bb btn_skin=\u00a0\u00bbprimary\u00a0\u00bb use_custom_fonts_h2=\u00a0\u00bbtrue\u00a0\u00bb btn_link=\u00a0\u00bburl:http%3A%2F%2Fleniddange.com%2F%3Fpage_id%3D1507|||\u00a0\u00bb][\/vc_cta][\/vc_accordion_tab][vc_accordion_tab title=\u00a0\u00bbAtelier Nutrition &#8211; Maman\u00a0\u00bb show_icon=\u00a0\u00bbyes\u00a0\u00bb icon=\u00a0\u00bbfa fa-chevron-right\u00a0\u00bb][vc_column_text]Retrouver sa ligne apr\u00e8s b\u00e9b\u00e9<\/p>\n<p>B\u00e9b\u00e9 est l\u00e0, c\u2019est le bonheur\u2026 mais bon, ce petit jean-l\u00e0, dans le fond de votre commode, vous aimeriez bien vous glisser dedans sans vous sentir serr\u00e9e.<\/p>\n<p>Le nid d\u2019ange est l\u00e0 pour vous rassurez avec un atelier riche d\u2019informations et de conseils de la part de notre nutritionniste.[\/vc_column_text][vc_cta h2=\u00a0\u00bb1 500 DA la s\u00e9ance de dur\u00e9e de 1h30&Prime; h2_font_container=\u00a0\u00bbfont_size:24px\u00a0\u00bb h2_use_theme_fonts=\u00a0\u00bbyes\u00a0\u00bb add_button=\u00a0\u00bbright\u00a0\u00bb btn_title=\u00a0\u00bbR\u00e9servez votre place\u00a0\u00bb btn_style=\u00a0\u00bboutline\u00a0\u00bb btn_skin=\u00a0\u00bbprimary\u00a0\u00bb use_custom_fonts_h2=\u00a0\u00bbtrue\u00a0\u00bb btn_link=\u00a0\u00bburl:http%3A%2F%2Fleniddange.com%2F%3Fpage_id%3D1507|||\u00a0\u00bb][\/vc_cta][\/vc_accordion_tab][vc_accordion_tab title=\u00a0\u00bbS\u00e9ance de Sport\u00a0\u00bb show_icon=\u00a0\u00bbyes\u00a0\u00bb icon=\u00a0\u00bbfa fa-chevron-right\u00a0\u00bb][vc_column_text]<\/p>\n<h3><span style=\"color: #ec008c;\">\u00ab Gym Douce \u00bb : \u00e0 partir de 6 mois de grossesse<\/span><\/h3>\n<p>Au fur et \u00e0 mesure que votre grossesse avance, votre centre de gravit\u00e9 se d\u00e9place. Pour garder l&rsquo;\u00e9quilibre, vous pouvez avoir tendance \u00e0 vous cambrer et attention au dos !<\/p>\n<p>Pour travailler votre posture et renforcer votre dos, le nid d\u2019ange vous propose des s\u00e9ances libres avec notre prof de sport .[\/vc_column_text][vc_cta h2=\u00a0\u00bb500 DA la s\u00e9ance de dur\u00e9e de 40 minutes\u00a0\u00bb h2_font_container=\u00a0\u00bbfont_size:24px\u00a0\u00bb h2_use_theme_fonts=\u00a0\u00bbyes\u00a0\u00bb add_button=\u00a0\u00bbright\u00a0\u00bb btn_title=\u00a0\u00bbR\u00e9servez votre place\u00a0\u00bb btn_style=\u00a0\u00bboutline\u00a0\u00bb btn_skin=\u00a0\u00bbprimary\u00a0\u00bb use_custom_fonts_h2=\u00a0\u00bbtrue\u00a0\u00bb btn_link=\u00a0\u00bburl:http%3A%2F%2Fleniddange.com%2F%3Fpage_id%3D1507|||\u00a0\u00bb][\/vc_cta][\/vc_accordion_tab][\/vc_accordion][\/vc_column][\/vc_row]<\/p>\n<\/div>","protected":false},"excerpt":{"rendered":"<p>[vc_row][vc_column][vc_accordion active_tab=\u00a0\u00bb1&Prime; type=\u00a0\u00bbcustom\u00a0\u00bb size=\u00a0\u00bbpanel-group-lg\u00a0\u00bb skin=\u00a0\u00bbprimary\u00a0\u00bb][vc_accordion_tab title=\u00a0\u00bbSuivi de Grossesse\u00a0\u00bb show_icon=\u00a0\u00bbyes\u00a0\u00bb icon=\u00a0\u00bbfa fa-chevron-right\u00a0\u00bb][vc_column_text]Que &#8230; <\/p>\n","protected":false},"author":1,"featured_media":0,"parent":0,"menu_order":0,"comment_status":"closed","ping_status":"closed","template":"","meta":{"footnotes":""},"class_list":["post-1541","page","type-page","status-publish","hentry"],"_links":{"self":[{"href":"https:\/\/leniddange.com\/index.php?rest_route=\/wp\/v2\/pages\/1541","targetHints":{"allow":["GET"]}}],"collection":[{"href":"https:\/\/leniddange.com\/index.php?rest_route=\/wp\/v2\/pages"}],"about":[{"href":"https:\/\/leniddange.com\/index.php?rest_route=\/wp\/v2\/types\/page"}],"author":[{"embeddable":true,"href":"https:\/\/leniddange.com\/index.php?rest_route=\/wp\/v2\/users\/1"}],"replies":[{"embeddable":true,"href":"https:\/\/leniddange.com\/index.php?rest_route=%2Fwp%2Fv2%2Fcomments&post=1541"}],"version-history":[{"count":0,"href":"https:\/\/leniddange.com\/index.php?rest_route=\/wp\/v2\/pages\/1541\/revisions"}],"wp:attachment":[{"href":"https:\/\/leniddange.com\/index.php?rest_route=%2Fwp%2Fv2%2Fmedia&parent=1541"}],"curies":[{"name":"wp","href":"https:\/\/api.w.org\/{rel}","templated":true}]}}