{"id":1348,"date":"2017-01-18T17:51:12","date_gmt":"2017-01-18T17:51:12","guid":{"rendered":"http:\/\/sw-themes.com\/porto_dummy\/?page_id=8"},"modified":"2024-11-26T12:31:46","modified_gmt":"2024-11-26T12:31:46","slug":"home","status":"publish","type":"page","link":"https:\/\/leniddange.com\/","title":{"rendered":"Home"},"content":{"rendered":"<div class=\"wpb-content-wrapper\"><p>[vc_row content_placement=\u00a0\u00bbmiddle\u00a0\u00bb text_align=\u00a0\u00bbcenter\u00a0\u00bb section_skin=\u00a0\u00bbparallax\u00a0\u00bb remove_margin_top=\u00a0\u00bbyes\u00a0\u00bb remove_margin_bottom=\u00a0\u00bbyes\u00a0\u00bb remove_padding_top=\u00a0\u00bbyes\u00a0\u00bb remove_padding_bottom=\u00a0\u00bbyes\u00a0\u00bb remove_border=\u00a0\u00bbyes\u00a0\u00bb css=\u00a0\u00bb.vc_custom_1514459417389{margin-bottom: 30px !important;}\u00a0\u00bb][vc_column width=\u00a0\u00bb1\/2&Prime; remove_margin_top=\u00a0\u00bbyes\u00a0\u00bb remove_margin_bottom=\u00a0\u00bbyes\u00a0\u00bb remove_padding_top=\u00a0\u00bbyes\u00a0\u00bb remove_padding_bottom=\u00a0\u00bbyes\u00a0\u00bb remove_border=\u00a0\u00bbyes\u00a0\u00bb][vc_cta h2=\u00a0\u00bbLE NID D&rsquo;ANGE\u00a0\u00bb h2_font_container=\u00a0\u00bbcolor:%23ec008c\u00a0\u00bb h2_use_theme_fonts=\u00a0\u00bbyes\u00a0\u00bb h4=\u00a0\u00bbUn espace bien-\u00eatre d\u00e9di\u00e9 aux futures et jeunes mamans\u00a0\u00bb h4_use_theme_fonts=\u00a0\u00bbyes\u00a0\u00bb txt_align=\u00a0\u00bbcenter\u00a0\u00bb shape=\u00a0\u00bbsquare\u00a0\u00bb style=\u00a0\u00bbflat\u00a0\u00bb use_custom_fonts_h2=\u00a0\u00bbtrue\u00a0\u00bb use_custom_fonts_h4=\u00a0\u00bbtrue\u00a0\u00bb]<span style=\"font-size: 18px;\">Vous d\u00e9couvrirez dans un cadre raffin\u00e9 et accueillant, une \u00e9quipe de professionnels dipl\u00f4m\u00e9s vous apportant le soutien et les conseils n\u00e9cessaires pour vivre une grossesse \u00e9panouie et une maternit\u00e9 sereine. Enceinte ou d\u00e9j\u00e0 maman, ce lieu est fait pour vous, votre enfant, et le papa bien s\u00fbr.<\/span>[\/vc_cta][\/vc_column][vc_column width=\u00a0\u00bb1\/2&Prime;]<div id=\"cz_72984\" class=\"cz_72984 cz_video_popup clr cz_video_popup_c\"><div><div class=\"cz_vp_c\"><a href=\"https:\/\/www.youtube.com\/watch?v=z1osRw7hWNc\"><img decoding=\"async\" width=\"530\" height=\"400\" src=\"https:\/\/leniddange.com\/wp-content\/uploads\/2024\/11\/portrait-1.jpg\" class=\"attachment-full\" alt=\"\" title=\"portrait\" srcset=\"https:\/\/leniddange.com\/wp-content\/uploads\/2024\/11\/portrait-1.jpg 530w, https:\/\/leniddange.com\/wp-content\/uploads\/2024\/11\/portrait-1-300x226.jpg 300w\" sizes=\"(max-width: 530px) 100vw, 530px\" \/><div class=\"cz_vp_inner\"><span><i class=\"fa fa-play\"><\/i><\/span><h4>Voir la vid\u00e9o<\/h4><\/div><\/a><\/div><\/div><\/div>[\/vc_column][\/vc_row][vc_row][vc_column]<div class=\"cz_gap clr \" style=\"height: 50px\"><\/div>[\/vc_column][\/vc_row][vc_row full_width=\u00a0\u00bbstretch_row_content\u00a0\u00bb equal_height=\u00a0\u00bbyes\u00a0\u00bb remove_margin_top=\u00a0\u00bbyes\u00a0\u00bb remove_margin_bottom=\u00a0\u00bbyes\u00a0\u00bb remove_padding_top=\u00a0\u00bbyes\u00a0\u00bb remove_padding_bottom=\u00a0\u00bbyes\u00a0\u00bb remove_border=\u00a0\u00bbyes\u00a0\u00bb el_class=\u00a0\u00bbcustom-small-section\u00a0\u00bb][vc_column width=\u00a0\u00bb1\/3&Prime; remove_margin_top=\u00a0\u00bbyes\u00a0\u00bb remove_margin_bottom=\u00a0\u00bbyes\u00a0\u00bb remove_padding_top=\u00a0\u00bbyes\u00a0\u00bb remove_padding_bottom=\u00a0\u00bbyes\u00a0\u00bb remove_border=\u00a0\u00bbyes\u00a0\u00bb offset=\u00a0\u00bbvc_col-lg-4 vc_col-md-4&Prime;]<div class=\"cz_eqh cz_content_box_parent_fx  \"><div id=\"cz_95429\" class=\"cz_95429 cz_content_box clr\"><div class=\"cz_box_front clr\"><div class=\"cz_box_front_inner clr \"><span><\/span><div>[vc_column_text css=\u00a0\u00bb\u00a0\u00bb]<\/p>\n<h3>Nos Ateliers<\/h3>\n<p>\u2023 Ateliers de pr\u00e9paration \u00e0 l&rsquo;accouchement<br \/>\n\u2023 Atelier pu\u00e9riculture<br \/>\n\u2023 Atelier nutrition<br \/>\n\u2023 Atelier massage b\u00e9b\u00e9<br \/>\n\u2023 Shooting b\u00e9b\u00e9[\/vc_column_text]<div class=\"\"><div class=\"cz_85007_p\"><a id=\"cz_85007\" class=\"cz_85007 cz_btn cz_btn_txt_no_fx cz_btn_no_fx cz_mobile_btn_center\" href=\"https:\/\/leniddange.com\/?page_id=1205\" title=\"Nos ateliers\"><span><strong>SAVOIR PLUS<\/strong><\/span><b class=\"cz_btn_onhover\"><strong>SAVOIR PLUS<\/strong><\/b><\/a><\/div><\/div><\/div><\/div><\/div><\/div><\/div>[\/vc_column][vc_column width=\u00a0\u00bb1\/3&Prime; remove_margin_top=\u00a0\u00bbyes\u00a0\u00bb remove_margin_bottom=\u00a0\u00bbyes\u00a0\u00bb remove_padding_top=\u00a0\u00bbyes\u00a0\u00bb remove_padding_bottom=\u00a0\u00bbyes\u00a0\u00bb remove_border=\u00a0\u00bbyes\u00a0\u00bb css=\u00a0\u00bb.vc_custom_1514547246361{padding-top: 40px !important;padding-left: 40px !important;background-image: url(http:\/\/mic-dz.com\/ange\/wp-content\/uploads\/sites\/26\/2017\/01\/GettyImages-629726322-1280&#215;720.jpg?id=1082) !important;background-position: center !important;background-repeat: no-repeat !important;background-size: cover !important;}\u00a0\u00bb offset=\u00a0\u00bbvc_col-lg-4 vc_col-md-4&Prime;]<div class=\"cz_eqh cz_content_box_parent_fx  \"><div id=\"cz_72247\" class=\"cz_72247 cz_content_box clr\"><div class=\"cz_box_front clr\"><div class=\"cz_box_front_inner clr \"><span><\/span><div>[vc_column_text css=\u00a0\u00bb\u00a0\u00bb]<\/p>\n<h3>Nos Activit\u00e9s<\/h3>\n<p>[\/vc_column_text]<div class=\"cz_gap clr \" style=\"height: 20px\"><\/div><ul id=\"cz_89810\" class=\"cz_89810 cz_stylish_list clr cz_sl_icon_hover_zoom_in\"><li class=\"clr\"><div class=\"cz_sl_icon cz_sl_image\"><i class=\"mr10\"><img decoding=\"async\" width=\"32\" height=\"38\" src=\"https:\/\/leniddange.com\/wp-content\/uploads\/2017\/01\/prenatal.png\" class=\"attachment-full\" alt=\"\" title=\"prenatal\" \/><\/i><\/div><div><span>Pack Pr\u00e9natal<\/span><\/div><\/li><li class=\"clr\"><div class=\"cz_sl_icon cz_sl_image\"><i class=\"mr10\"><img decoding=\"async\" width=\"32\" height=\"32\" src=\"https:\/\/leniddange.com\/wp-content\/uploads\/2017\/01\/Postnatal.png\" class=\"attachment-full\" alt=\"\" title=\"Postnatal\" \/><\/i><\/div><div><span>Pack Postnatal<\/span><\/div><\/li><li class=\"clr\"><div class=\"cz_sl_icon cz_sl_image\"><i class=\"mr10\"><img decoding=\"async\" width=\"32\" height=\"32\" src=\"https:\/\/leniddange.com\/wp-content\/uploads\/2017\/01\/icon.png\" class=\"attachment-full\" alt=\"\" title=\"icon\" \/><\/i><\/div><div><span>Pack Bien \u00eatre<\/span><\/div><\/li><\/ul><div class=\"cz_gap clr \" style=\"height: 34px\"><\/div><div class=\"\"><div class=\"cz_73593_p\"><a id=\"cz_73593\" class=\"cz_73593 cz_btn cz_btn_txt_no_fx cz_btn_no_fx cz_mobile_btn_center\" href=\"https:\/\/leniddange.com\/?page_id=1129\" title=\"Nos Packs\"><span><strong>SAVOIR PLUS<\/strong><\/span><b class=\"cz_btn_onhover\"><strong>SAVOIR PLUS<\/strong><\/b><\/a><\/div><\/div><\/div><\/div><\/div><\/div><\/div>[\/vc_column][vc_column width=\u00a0\u00bb1\/3&Prime; remove_margin_top=\u00a0\u00bbyes\u00a0\u00bb remove_margin_bottom=\u00a0\u00bbyes\u00a0\u00bb remove_padding_top=\u00a0\u00bbyes\u00a0\u00bb remove_padding_bottom=\u00a0\u00bbyes\u00a0\u00bb remove_border=\u00a0\u00bbyes\u00a0\u00bb el_class=\u00a0\u00bbfade-slider-classes\u00a0\u00bb offset=\u00a0\u00bbvc_col-lg-4 vc_col-md-4&Prime;]<div class=\"cz_eqh cz_content_box_parent_fx  \"><div id=\"cz_47295\" class=\"cz_47295 cz_content_box clr\"><div class=\"cz_box_front clr\"><div class=\"cz_box_front_inner clr \"><span><\/span><div>[vc_column_text css=\u00a0\u00bb\u00a0\u00bb]<\/p>\n<h3>Notre Espace<\/h3>\n<p><span class=\"m_-6880573667067310692m_567101884783179447m_3557968238178084708gmail_msg\" style=\"font-size: 15px;\">Le nid d&rsquo;ange \u00ab\u00a0centre de bien \u00eatre avant et apr\u00e8s b\u00e9b\u00e9\u00a0\u00bb est le premier centre en Alg\u00e9rie, \u00a0espace d\u00e9di\u00e9 aux Future &amp; jeunes mamans, vous d\u00e9couvrirez un cadre raffin\u00e9 et accueillant, une \u00e9quipe de professionnels dipl\u00f4m\u00e9s vous apportant le soutien et les conseils n\u00e9cessaires pour vivre une grossesse \u00e9panouie&#8230;<\/span>[\/vc_column_text]<div class=\"\"><div class=\"cz_93435_p\"><a id=\"cz_93435\" class=\"cz_93435 cz_btn cz_btn_txt_no_fx cz_btn_no_fx cz_mobile_btn_center\" href=\"https:\/\/leniddange.com\/?page_id=329\" title=\"Nos ateliers\"><span><strong>SAVOIR PLUS<\/strong><\/span><b class=\"cz_btn_onhover\"><strong>SAVOIR PLUS<\/strong><\/b><\/a><\/div><\/div><\/div><\/div><\/div><\/div><\/div>[\/vc_column][\/vc_row][vc_row][vc_column]<div class=\"cz_gap clr \" style=\"height: 50px\"><\/div>[\/vc_column][\/vc_row][vc_row full_width=\u00a0\u00bbstretch_row_content\u00a0\u00bb css=\u00a0\u00bb.vc_custom_1732623682321{padding-top: 40px !important;background-color: #0a0a0a !important;}\u00a0\u00bb][vc_column width=\u00a0\u00bb1\/2&Prime;]<div id=\"cz_65871\" class=\"cz_65871 cz_video_popup clr cz_video_popup_c\"><div><div class=\"cz_vp_c\"><a href=\"https:\/\/www.youtube.com\/watch?v=js7L9gbwbQs\"><img decoding=\"async\" width=\"711\" height=\"400\" src=\"https:\/\/leniddange.com\/wp-content\/uploads\/2024\/11\/screenshot.jpg\" class=\"attachment-full\" alt=\"\" title=\"screenshot\" srcset=\"https:\/\/leniddange.com\/wp-content\/uploads\/2024\/11\/screenshot.jpg 711w, https:\/\/leniddange.com\/wp-content\/uploads\/2024\/11\/screenshot-300x169.jpg 300w, https:\/\/leniddange.com\/wp-content\/uploads\/2024\/11\/screenshot-600x338.jpg 600w\" sizes=\"(max-width: 711px) 100vw, 711px\" \/><div class=\"cz_vp_inner\"><span><i class=\"fa fa-play\"><\/i><\/span><h4>Voir la vid\u00e9o<\/h4><\/div><\/a><\/div><\/div><\/div><div class=\"cz_gap clr \" style=\"height: 50px\"><\/div>[\/vc_column][vc_column width=\u00a0\u00bb1\/2&Prime;][vc_custom_heading text=\u00a0\u00bbT\u00e9moignages\u00a0\u00bb font_container=\u00a0\u00bbtag:h3|text_align:left|color:%23ffffff\u00a0\u00bb use_theme_fonts=\u00a0\u00bbyes\u00a0\u00bb]<div class=\"cz_gap clr \" style=\"height: 50px\"><\/div><div id=\"cz_99862\" class=\"cz_99862 cz_testimonials cz_testimonials_s1\"><div class=\"cz_testimonials_content\"><div class=\"cz_wpe_content\"><span style=\"font-size: 32px;\">\u201c<\/span>Bonjour nid d\u2019ange, je tiens vraiment a vous remercier pour tout ce que vous m\u2019avez apport\u00e9 durant toute ma grossesse, pr\u00e9paration physique et surtout morale, je remercie toute l\u2019\u00e9quipe vous \u00eates juste adorables et je vous recommande a toutes les mamans et futurs mamans, je vous dit a tr\u00e8s bient\u00f4t pour la suite car une chose est sure je reviendrai.<span style=\"font-size: 32px;\">\u201d<\/span><\/div><\/div><div class=\"cz_testimonials_meta\"><div class=\"cz_testimonials_name_subname\"><div class=\"cz_testimonials_name\">Lili Bou<\/div><div class=\"cz_testimonials_subname\">Jeune maman<\/div><\/div><\/div><\/div>[\/vc_column][\/vc_row]<\/p>\n<\/div>","protected":false},"excerpt":{"rendered":"<p>[vc_row content_placement=\u00a0\u00bbmiddle\u00a0\u00bb text_align=\u00a0\u00bbcenter\u00a0\u00bb section_skin=\u00a0\u00bbparallax\u00a0\u00bb remove_margin_top=\u00a0\u00bbyes\u00a0\u00bb remove_margin_bottom=\u00a0\u00bbyes\u00a0\u00bb remove_padding_top=\u00a0\u00bbyes\u00a0\u00bb remove_padding_bottom=\u00a0\u00bbyes\u00a0\u00bb remove_border=\u00a0\u00bbyes\u00a0\u00bb css=\u00a0\u00bb.vc_custom_1514459417389{margin-bottom: 30px &#8230; <\/p>\n","protected":false},"author":1,"featured_media":0,"parent":0,"menu_order":0,"comment_status":"closed","ping_status":"closed","template":"","meta":{"footnotes":""},"class_list":["post-1348","page","type-page","status-publish","hentry"],"_links":{"self":[{"href":"https:\/\/leniddange.com\/index.php?rest_route=\/wp\/v2\/pages\/1348","targetHints":{"allow":["GET"]}}],"collection":[{"href":"https:\/\/leniddange.com\/index.php?rest_route=\/wp\/v2\/pages"}],"about":[{"href":"https:\/\/leniddange.com\/index.php?rest_route=\/wp\/v2\/types\/page"}],"author":[{"embeddable":true,"href":"https:\/\/leniddange.com\/index.php?rest_route=\/wp\/v2\/users\/1"}],"replies":[{"embeddable":true,"href":"https:\/\/leniddange.com\/index.php?rest_route=%2Fwp%2Fv2%2Fcomments&post=1348"}],"version-history":[{"count":3,"href":"https:\/\/leniddange.com\/index.php?rest_route=\/wp\/v2\/pages\/1348\/revisions"}],"predecessor-version":[{"id":1626,"href":"https:\/\/leniddange.com\/index.php?rest_route=\/wp\/v2\/pages\/1348\/revisions\/1626"}],"wp:attachment":[{"href":"https:\/\/leniddange.com\/index.php?rest_route=%2Fwp%2Fv2%2Fmedia&parent=1348"}],"curies":[{"name":"wp","href":"https:\/\/api.w.org\/{rel}","templated":true}]}}