{"id":1214,"date":"2018-03-23T15:13:35","date_gmt":"2018-03-23T15:13:35","guid":{"rendered":"http:\/\/mic-dz.com\/ange\/?page_id=1214"},"modified":"2018-03-23T15:13:35","modified_gmt":"2018-03-23T15:13:35","slug":"ateliers-preparation-a-laccouchement","status":"publish","type":"page","link":"https:\/\/leniddange.com\/?page_id=1214","title":{"rendered":"Ateliers pr\u00e9paration \u00e0 l\u2019accouchement"},"content":{"rendered":"<div class=\"wpb-content-wrapper\"><p>[vc_row][vc_column width=\u00a0\u00bb1\/2&Prime;][vc_column_text]<strong>Pr\u00e9paration \u00e0 l\u2019accouchement : maman et papa unis dans l\u2019exp\u00e9rience de naissance de leur enfant.<\/strong><\/p>\n<p>Dans cet atelier pour le couple, l\u2019accouchement est expliqu\u00e9 dans un langage simple et des outils concrets sont propos\u00e9s afin que le partenaire puisse participer activement \u00e0 la naissance en accompagnant sa conjointe pendant tout le processus de l\u2019accouchement.<\/p>\n<p>De fa\u00e7on concr\u00e8te, nous verrons et pratiquerons diff\u00e9rentes techniques tout \u00e0 fait s\u00e9curitaires et naturelles: massages, points d\u2019acupression (\u00e9galement connu sous le nom de m\u00e9thode Bonapace) respirations (pendant et entre les contractions) et visualisations qui faciliteront la mise au monde du b\u00e9b\u00e9 tout en r\u00e9duisant les douleurs qui sont associ\u00e9es aux contractions.<\/p>\n<p>R\u00e9sultat: une qualit\u00e9 de pr\u00e9sence optimale de la part du p\u00e8re et une maman rassur\u00e9 et bien accompagn\u00e9 afin que le couple accueille ensemble leur b\u00e9b\u00e9![\/vc_column_text][\/vc_column][vc_column width=\u00a0\u00bb1\/2&Prime;][vc_single_image image=\u00a0\u00bb1207&Prime; img_size=\u00a0\u00bblarge\u00a0\u00bb alignment=\u00a0\u00bbcenter\u00a0\u00bb style=\u00a0\u00bbvc_box_shadow_border\u00a0\u00bb label=\u00a0\u00bb\u00a0\u00bb][\/vc_column][\/vc_row]<\/p>\n<\/div>","protected":false},"excerpt":{"rendered":"<p>[vc_row][vc_column width=\u00a0\u00bb1\/2&Prime;][vc_column_text]Pr\u00e9paration \u00e0 l\u2019accouchement : maman et papa unis dans l\u2019exp\u00e9rience &#8230; <\/p>\n","protected":false},"author":1,"featured_media":0,"parent":0,"menu_order":0,"comment_status":"closed","ping_status":"closed","template":"","meta":{"footnotes":""},"class_list":["post-1214","page","type-page","status-publish","hentry"],"_links":{"self":[{"href":"https:\/\/leniddange.com\/index.php?rest_route=\/wp\/v2\/pages\/1214","targetHints":{"allow":["GET"]}}],"collection":[{"href":"https:\/\/leniddange.com\/index.php?rest_route=\/wp\/v2\/pages"}],"about":[{"href":"https:\/\/leniddange.com\/index.php?rest_route=\/wp\/v2\/types\/page"}],"author":[{"embeddable":true,"href":"https:\/\/leniddange.com\/index.php?rest_route=\/wp\/v2\/users\/1"}],"replies":[{"embeddable":true,"href":"https:\/\/leniddange.com\/index.php?rest_route=%2Fwp%2Fv2%2Fcomments&post=1214"}],"version-history":[{"count":0,"href":"https:\/\/leniddange.com\/index.php?rest_route=\/wp\/v2\/pages\/1214\/revisions"}],"wp:attachment":[{"href":"https:\/\/leniddange.com\/index.php?rest_route=%2Fwp%2Fv2%2Fmedia&parent=1214"}],"curies":[{"name":"wp","href":"https:\/\/api.w.org\/{rel}","templated":true}]}}