{"id":1175,"date":"2018-03-19T13:20:43","date_gmt":"2018-03-19T13:20:43","guid":{"rendered":"http:\/\/mic-dz.com\/ange\/?page_id=1175"},"modified":"2018-03-19T13:20:43","modified_gmt":"2018-03-19T13:20:43","slug":"atelier-makeup","status":"publish","type":"page","link":"https:\/\/leniddange.com\/?page_id=1175","title":{"rendered":"Atelier makeup"},"content":{"rendered":"<div class=\"wpb-content-wrapper\"><p>[vc_row][vc_column width=\u00a0\u00bb1\/2&Prime;][vc_column_text]<span style=\"font-size: 18px;\"><em>Savoir se maquiller selon son \u00e2ge, son style, ses go\u00fbts&#8230;<\/em><\/span><\/p>\n<p>Vous \u00eates \u00e0 la recherche d&rsquo;un coach pour apprendre \u00e0 r\u00e9aliser votre maquillage personnalis\u00e9.<br \/>\nVous ne savez pas \u00e0 qui vous adresser et vous voulez \u00eatre s\u00fbre de ne pas vous tromper.<\/p>\n<p>Le nid d&rsquo;ange vous propose un cours de maquillage personnalis\u00e9 pour r\u00e9pondre sp\u00e9cialement \u00e0 toutes vos questions !<\/p>\n<ul>\n<li>Apprendre \u00e0 se maquiller au quotidien ou pour une soir\u00e9e<\/li>\n<li>Comment r\u00e9aliser un smoky eye (oeil charbonneux) adapt\u00e9 \u00e0 sa morphologie.<\/li>\n<li>Comment r\u00e9aliser son maquillage de sc\u00e8ne si vous \u00eates une artiste<\/li>\n<li>Optimiser votre image si vous \u00eates chef d&rsquo;entreprise<\/li>\n<li>Savoir comment adapter un maquillage mode \u00e0 sa personnalit\u00e9&#8230;<\/li>\n<\/ul>\n<p>[\/vc_column_text][\/vc_column][vc_column width=\u00a0\u00bb1\/2&Prime;][vc_single_image image=\u00a0\u00bb1176&Prime; img_size=\u00a0\u00bblarge\u00a0\u00bb alignment=\u00a0\u00bbcenter\u00a0\u00bb style=\u00a0\u00bbvc_box_shadow_border\u00a0\u00bb label=\u00a0\u00bb\u00a0\u00bb][\/vc_column][\/vc_row]<\/p>\n<\/div>","protected":false},"excerpt":{"rendered":"<p>[vc_row][vc_column width=\u00a0\u00bb1\/2&Prime;][vc_column_text]Savoir se maquiller selon son \u00e2ge, son style, ses go\u00fbts&#8230; &#8230; <\/p>\n","protected":false},"author":1,"featured_media":0,"parent":0,"menu_order":0,"comment_status":"closed","ping_status":"closed","template":"","meta":{"footnotes":""},"class_list":["post-1175","page","type-page","status-publish","hentry"],"_links":{"self":[{"href":"https:\/\/leniddange.com\/index.php?rest_route=\/wp\/v2\/pages\/1175","targetHints":{"allow":["GET"]}}],"collection":[{"href":"https:\/\/leniddange.com\/index.php?rest_route=\/wp\/v2\/pages"}],"about":[{"href":"https:\/\/leniddange.com\/index.php?rest_route=\/wp\/v2\/types\/page"}],"author":[{"embeddable":true,"href":"https:\/\/leniddange.com\/index.php?rest_route=\/wp\/v2\/users\/1"}],"replies":[{"embeddable":true,"href":"https:\/\/leniddange.com\/index.php?rest_route=%2Fwp%2Fv2%2Fcomments&post=1175"}],"version-history":[{"count":0,"href":"https:\/\/leniddange.com\/index.php?rest_route=\/wp\/v2\/pages\/1175\/revisions"}],"wp:attachment":[{"href":"https:\/\/leniddange.com\/index.php?rest_route=%2Fwp%2Fv2%2Fmedia&parent=1175"}],"curies":[{"name":"wp","href":"https:\/\/api.w.org\/{rel}","templated":true}]}}