{"id":1171,"date":"2018-03-19T13:03:22","date_gmt":"2018-03-19T13:03:22","guid":{"rendered":"http:\/\/mic-dz.com\/ange\/?page_id=1171"},"modified":"2018-03-19T13:03:22","modified_gmt":"2018-03-19T13:03:22","slug":"atelier-allaitement","status":"publish","type":"page","link":"https:\/\/leniddange.com\/?page_id=1171","title":{"rendered":"Atelier allaitement"},"content":{"rendered":"<div class=\"wpb-content-wrapper\"><p>[vc_row][vc_column width=\u00a0\u00bb1\/2&Prime;][vc_column_text]<span style=\"font-size: 18px;\"><em>Aujourd\u2019hui, pas une semaine ne passe sans qu\u2019une nouvelle \u00e9tude confirme les nombreux b\u00e9n\u00e9fices de l\u2019allaitement. Le lait maternel est incontestablement la meilleure alimentation pour son enfant. C\u2019est pourquoi Le nid d&rsquo;ange, a programm\u00e9 un nouvel atelier allaitement.<\/em><\/span><\/p>\n<p>Vous souhaitez allaiter votre b\u00e9b\u00e9 mais vous vous posez mille questions sur les techniques \u00e0 utiliser, la nutrition de la maman, le positionnement de l\u2019enfant ? Ne manquez pas nos ateliers de l\u2019allaitement maternel.<\/p>\n<p>Environ 50% des m\u00e8res choisissent de pratiquer l\u2019allaitement maternel. Nombreuses sont celles qui commencent \u00e0 allaiter, puis abandonnent apr\u00e8s seulement quelques semaines, souvent par manque d\u2019aide et d\u2019informations, d\u2019o\u00f9 l\u2019importance d\u2019\u00eatre bien conseill\u00e9.<\/p>\n<p>L\u2019atelier sera anim\u00e9 par des mamans et des sp\u00e9cialistes pour mieux comprendre et pratiquer l\u2019allaitement maternel.[\/vc_column_text][\/vc_column][vc_column width=\u00a0\u00bb1\/2&Prime;][vc_single_image image=\u00a0\u00bb1172&Prime; img_size=\u00a0\u00bblarge\u00a0\u00bb alignment=\u00a0\u00bbcenter\u00a0\u00bb style=\u00a0\u00bbvc_box_shadow_border\u00a0\u00bb label=\u00a0\u00bb\u00a0\u00bb][\/vc_column][\/vc_row]<\/p>\n<\/div>","protected":false},"excerpt":{"rendered":"<p>[vc_row][vc_column width=\u00a0\u00bb1\/2&Prime;][vc_column_text]Aujourd\u2019hui, pas une semaine ne passe sans qu\u2019une nouvelle \u00e9tude &#8230; <\/p>\n","protected":false},"author":1,"featured_media":0,"parent":0,"menu_order":0,"comment_status":"closed","ping_status":"closed","template":"","meta":{"footnotes":""},"class_list":["post-1171","page","type-page","status-publish","hentry"],"_links":{"self":[{"href":"https:\/\/leniddange.com\/index.php?rest_route=\/wp\/v2\/pages\/1171","targetHints":{"allow":["GET"]}}],"collection":[{"href":"https:\/\/leniddange.com\/index.php?rest_route=\/wp\/v2\/pages"}],"about":[{"href":"https:\/\/leniddange.com\/index.php?rest_route=\/wp\/v2\/types\/page"}],"author":[{"embeddable":true,"href":"https:\/\/leniddange.com\/index.php?rest_route=\/wp\/v2\/users\/1"}],"replies":[{"embeddable":true,"href":"https:\/\/leniddange.com\/index.php?rest_route=%2Fwp%2Fv2%2Fcomments&post=1171"}],"version-history":[{"count":0,"href":"https:\/\/leniddange.com\/index.php?rest_route=\/wp\/v2\/pages\/1171\/revisions"}],"wp:attachment":[{"href":"https:\/\/leniddange.com\/index.php?rest_route=%2Fwp%2Fv2%2Fmedia&parent=1171"}],"curies":[{"name":"wp","href":"https:\/\/api.w.org\/{rel}","templated":true}]}}