{"id":1167,"date":"2018-03-19T12:52:26","date_gmt":"2018-03-19T12:52:26","guid":{"rendered":"http:\/\/mic-dz.com\/ange\/?page_id=1167"},"modified":"2018-03-19T12:52:26","modified_gmt":"2018-03-19T12:52:26","slug":"atelier-tricotea","status":"publish","type":"page","link":"https:\/\/leniddange.com\/?page_id=1167","title":{"rendered":"Atelier tricotea"},"content":{"rendered":"<div class=\"wpb-content-wrapper\"><p>[vc_row][vc_column width=\u00a0\u00bb1\/2&Prime;][vc_column_text]<span style=\"font-size: 18px;\"><em>Un stage pour d\u00e9buter ou se perfectionner \u00e0 votre rythme<\/em><\/span><\/p>\n<p>Vous n&rsquo;avez jamais tricot\u00e9 et souhaitez apprendre en bonne compagnie?<br \/>\nVous savez d\u00e9j\u00e0 tricoter en point mousse et aimeriez \u00eatre guid\u00e9 pour passer \u00e0 l&rsquo;\u00e9tape suivante?<br \/>\nVous \u00eates initi\u00e9e en qu\u00eate de techniques de tricot particuli\u00e8res?<\/p>\n<p>Le nid d&rsquo;ange vous accompagne chacune selon votre niveau, au pays du tricot et des tours de mailles pour 3 s\u00e9ances de 2h pendant lesquelles vous r\u00e9aliserez un bel ouvrage sign\u00e9 VOUS. Que vous soyez d\u00e9butante ou initi\u00e9.<\/p>\n<p>D\u00e9butants ou initi\u00e9s, vous progresserez au long de ces 3 s\u00e9ances en tricotant des mod\u00e8les sp\u00e9cialement con\u00e7us pour le stage Tricotages, et ainsi aborder des points pr\u00e9cis (diminution, emmanchures\u2026).<\/p>\n<p>Les novices apprendront \u00e0 monter les mailles, r\u00e9aliser les points de base, faire les diminutions, monter les manches, comment finir l&rsquo;ouvrage\u2026, tandis que les initi\u00e9s se perfectionneront avec des torsades, des points irlandais, un col glamour, des finitions parfaites\u2026 et toute autre question technique \u00e0 poser \u00e0 notre madame tricot. D\u00e9butante, tricotez pendant ces 3 s\u00e9ances :<\/p>\n<p>&#8211; un gilet pour b\u00e9b\u00e9<\/p>\n<p>&#8211; un col, un bonnet, des mitaines&#8230; selon votre dext\u00e9rit\u00e9[\/vc_column_text][\/vc_column][vc_column width=\u00a0\u00bb1\/2&Prime;][vc_single_image image=\u00a0\u00bb1168&Prime; img_size=\u00a0\u00bblarge\u00a0\u00bb alignment=\u00a0\u00bbcenter\u00a0\u00bb style=\u00a0\u00bbvc_box_shadow_border\u00a0\u00bb label=\u00a0\u00bb\u00a0\u00bb][\/vc_column][\/vc_row]<\/p>\n<\/div>","protected":false},"excerpt":{"rendered":"<p>[vc_row][vc_column width=\u00a0\u00bb1\/2&Prime;][vc_column_text]Un stage pour d\u00e9buter ou se perfectionner \u00e0 votre rythme &#8230; <\/p>\n","protected":false},"author":1,"featured_media":0,"parent":0,"menu_order":0,"comment_status":"closed","ping_status":"closed","template":"","meta":{"footnotes":""},"class_list":["post-1167","page","type-page","status-publish","hentry"],"_links":{"self":[{"href":"https:\/\/leniddange.com\/index.php?rest_route=\/wp\/v2\/pages\/1167","targetHints":{"allow":["GET"]}}],"collection":[{"href":"https:\/\/leniddange.com\/index.php?rest_route=\/wp\/v2\/pages"}],"about":[{"href":"https:\/\/leniddange.com\/index.php?rest_route=\/wp\/v2\/types\/page"}],"author":[{"embeddable":true,"href":"https:\/\/leniddange.com\/index.php?rest_route=\/wp\/v2\/users\/1"}],"replies":[{"embeddable":true,"href":"https:\/\/leniddange.com\/index.php?rest_route=%2Fwp%2Fv2%2Fcomments&post=1167"}],"version-history":[{"count":0,"href":"https:\/\/leniddange.com\/index.php?rest_route=\/wp\/v2\/pages\/1167\/revisions"}],"wp:attachment":[{"href":"https:\/\/leniddange.com\/index.php?rest_route=%2Fwp%2Fv2%2Fmedia&parent=1167"}],"curies":[{"name":"wp","href":"https:\/\/api.w.org\/{rel}","templated":true}]}}