{"id":1163,"date":"2018-03-19T12:40:35","date_gmt":"2018-03-19T12:40:35","guid":{"rendered":"http:\/\/mic-dz.com\/ange\/?page_id=1163"},"modified":"2018-03-19T12:40:35","modified_gmt":"2018-03-19T12:40:35","slug":"atelier-massage-bebe","status":"publish","type":"page","link":"https:\/\/leniddange.com\/?page_id=1163","title":{"rendered":"Atelier massage b\u00e9b\u00e9"},"content":{"rendered":"<div class=\"wpb-content-wrapper\"><p>[vc_row][vc_column width=\u00a0\u00bb1\/2&Prime;][vc_column_text]Le massage de b\u00e9b\u00e9 est un mode de communication avant tout ! D\u00e8s la naissance il permet de tisser un lien avec votre enfant, de communiquer, de le rassurer et de l\u2019apaiser.<\/p>\n<p>De plus, le massage va favoriser un bien-\u00eatre incomparable pour b\u00e9b\u00e9, en rel\u00e2chant les muscles, en stimulant la circulation sanguine ou encore en facilitant le transit intestinal. Ces bienfaits sont favoris\u00e9s par la combinaison de mouvements de massage issus de techniques indienne et su\u00e9doise, mais aussi de yoga et de r\u00e9flexologie.<\/p>\n<p>BIENFAITS POUR LES B\u00c9B\u00c9S<\/p>\n<ul>\n<li>Se relaxer et se d\u00e9tendre<\/li>\n<li>Se d\u00e9faire de certains maux douloureux ou g\u00eanants<\/li>\n<li>D\u00e9velopper le toucher et le lien d\u2019attachement<\/li>\n<\/ul>\n<p>OBJECTIFS POUR LES PARENTS<\/p>\n<ul>\n<li>Apprendre \u00e0 masser son b\u00e9b\u00e9 pour son bien-\u00eatre<\/li>\n<li>Renforcer le lien et le relation avec l\u2019enfant<\/li>\n<li>Passer un moment unique et pouvoir le recr\u00e9er seul \u00e0 la maison sans crainte<\/li>\n<\/ul>\n<p>Tous les b\u00e9b\u00e9s ont besoin de contact et de mobilit\u00e9. Gr\u00e2ce \u00e0 une bonne ma\u00eetrise de ces diff\u00e9rents gestes, vous serez capable de l\u2019apaiser quand il en a besoin.[\/vc_column_text][\/vc_column][vc_column width=\u00a0\u00bb1\/2&Prime;][vc_single_image image=\u00a0\u00bb1164&Prime; img_size=\u00a0\u00bblarge\u00a0\u00bb alignment=\u00a0\u00bbcenter\u00a0\u00bb style=\u00a0\u00bbvc_box_shadow_border\u00a0\u00bb label=\u00a0\u00bb\u00a0\u00bb][\/vc_column][\/vc_row]<\/p>\n<\/div>","protected":false},"excerpt":{"rendered":"<p>[vc_row][vc_column width=\u00a0\u00bb1\/2&Prime;][vc_column_text]Le massage de b\u00e9b\u00e9 est un mode de communication avant &#8230; <\/p>\n","protected":false},"author":1,"featured_media":0,"parent":0,"menu_order":0,"comment_status":"closed","ping_status":"closed","template":"","meta":{"footnotes":""},"class_list":["post-1163","page","type-page","status-publish","hentry"],"_links":{"self":[{"href":"https:\/\/leniddange.com\/index.php?rest_route=\/wp\/v2\/pages\/1163","targetHints":{"allow":["GET"]}}],"collection":[{"href":"https:\/\/leniddange.com\/index.php?rest_route=\/wp\/v2\/pages"}],"about":[{"href":"https:\/\/leniddange.com\/index.php?rest_route=\/wp\/v2\/types\/page"}],"author":[{"embeddable":true,"href":"https:\/\/leniddange.com\/index.php?rest_route=\/wp\/v2\/users\/1"}],"replies":[{"embeddable":true,"href":"https:\/\/leniddange.com\/index.php?rest_route=%2Fwp%2Fv2%2Fcomments&post=1163"}],"version-history":[{"count":0,"href":"https:\/\/leniddange.com\/index.php?rest_route=\/wp\/v2\/pages\/1163\/revisions"}],"wp:attachment":[{"href":"https:\/\/leniddange.com\/index.php?rest_route=%2Fwp%2Fv2%2Fmedia&parent=1163"}],"curies":[{"name":"wp","href":"https:\/\/api.w.org\/{rel}","templated":true}]}}