{"id":1160,"date":"2018-03-19T12:32:21","date_gmt":"2018-03-19T12:32:21","guid":{"rendered":"http:\/\/mic-dz.com\/ange\/?page_id=1160"},"modified":"2018-03-19T12:32:21","modified_gmt":"2018-03-19T12:32:21","slug":"atelier-nutrition-2","status":"publish","type":"page","link":"https:\/\/leniddange.com\/?page_id=1160","title":{"rendered":"Atelier nutrition (diversification alimentaire)"},"content":{"rendered":"<div class=\"wpb-content-wrapper\"><p>[vc_row][vc_column width=\u00a0\u00bb1\/2&Prime;][vc_column_text]Autour de la r\u00e9alisation de quelques recettes, vous pourrez alors d\u00e9couvrir, \u00e9changer, apprendre et poser vos questions !<\/p>\n<p>Vous repartirez avec un livret plein de conseils et d\u2019astuces pratiques.<\/p>\n<p>Au cours de cet atelier vous aborderez :<\/p>\n<p>Qu\u2019est-ce que la diversification alimentaire? Comment le mener en pratique? Comparaison petits pots maison et petits pots du commerce. Quels aliments introduire, \u00e0 quel moment, en quelle quantit\u00e9 et comment les cuisiner ?<\/p>\n<p>Ainsi un expert de l&rsquo;alimentation accompagne les parents\u00a0parfois perdus face aux informations multiples et qui malgr\u00e9 un rythme de vie tr\u00e9pidant souhaitent initier b\u00e9b\u00e9 \u00e0 une alimentation saine et \u00e9quilibr\u00e9e.[\/vc_column_text][\/vc_column][vc_column width=\u00a0\u00bb1\/2&Prime;][vc_single_image image=\u00a0\u00bb1161&Prime; img_size=\u00a0\u00bblarge\u00a0\u00bb alignment=\u00a0\u00bbcenter\u00a0\u00bb style=\u00a0\u00bbvc_box_shadow_border\u00a0\u00bb label=\u00a0\u00bb\u00a0\u00bb][\/vc_column][\/vc_row]<\/p>\n<\/div>","protected":false},"excerpt":{"rendered":"<p>[vc_row][vc_column width=\u00a0\u00bb1\/2&Prime;][vc_column_text]Autour de la r\u00e9alisation de quelques recettes, vous pourrez alors &#8230; <\/p>\n","protected":false},"author":1,"featured_media":0,"parent":0,"menu_order":0,"comment_status":"closed","ping_status":"closed","template":"","meta":{"footnotes":""},"class_list":["post-1160","page","type-page","status-publish","hentry"],"_links":{"self":[{"href":"https:\/\/leniddange.com\/index.php?rest_route=\/wp\/v2\/pages\/1160","targetHints":{"allow":["GET"]}}],"collection":[{"href":"https:\/\/leniddange.com\/index.php?rest_route=\/wp\/v2\/pages"}],"about":[{"href":"https:\/\/leniddange.com\/index.php?rest_route=\/wp\/v2\/types\/page"}],"author":[{"embeddable":true,"href":"https:\/\/leniddange.com\/index.php?rest_route=\/wp\/v2\/users\/1"}],"replies":[{"embeddable":true,"href":"https:\/\/leniddange.com\/index.php?rest_route=%2Fwp%2Fv2%2Fcomments&post=1160"}],"version-history":[{"count":0,"href":"https:\/\/leniddange.com\/index.php?rest_route=\/wp\/v2\/pages\/1160\/revisions"}],"wp:attachment":[{"href":"https:\/\/leniddange.com\/index.php?rest_route=%2Fwp%2Fv2%2Fmedia&parent=1160"}],"curies":[{"name":"wp","href":"https:\/\/api.w.org\/{rel}","templated":true}]}}