{"id":1151,"date":"2018-03-19T11:53:01","date_gmt":"2018-03-19T11:53:01","guid":{"rendered":"http:\/\/mic-dz.com\/ange\/?page_id=1151"},"modified":"2018-03-19T11:53:01","modified_gmt":"2018-03-19T11:53:01","slug":"atelier-puericulture","status":"publish","type":"page","link":"https:\/\/leniddange.com\/?page_id=1151","title":{"rendered":"Atelier pu\u00e9riculture"},"content":{"rendered":"<div class=\"wpb-content-wrapper\"><p>[vc_row][vc_column width=\u00a0\u00bb1\/2&Prime;][vc_column_text]<span style=\"font-size: 18px;\"><em>La naissance est souvent un moment de grande remise en question et les premiers pas dans la vie de parents se r\u00e9v\u00e8lent pleins d&rsquo;interrogations&#8230;<\/em><\/span><\/p>\n<p>Cet atelier vous pr\u00e9pare \u00e0 l\u2019arriv\u00e9e de b\u00e9b\u00e9, r\u00e9pond \u00e0 vos interrogations de fa\u00e7on pratique gr\u00e2ce \u00e0 des mises en situation et vous permet de discuter avec des sp\u00e9cialistes, tout cela se d\u00e9roule dans un cadre cosy et convivial.<\/p>\n<p>Pour vous accompagner sur le chemin de la parentalit\u00e9, je vous propose :<\/p>\n<ul>\n<li>un accompagnement personnalis\u00e9<\/li>\n<li>des conseils pratiques qui r\u00e9pondent \u00e0 vos besoins<\/li>\n<\/ul>\n<p><strong>Th\u00e9matiques abord\u00e9es<\/strong><\/p>\n<p>Pour vous permettre d\u2019appr\u00e9hender les diff\u00e9rents moments de la journ\u00e9e de votre b\u00e9b\u00e9 plus sereinement, nous aborderons les 3 principales th\u00e9matiques de la vie de b\u00e9b\u00e9 :<\/p>\n<ul>\n<li>L\u2019alimentation du nouveau-n\u00e9<\/li>\n<li>Les soins pour le tout petit<\/li>\n<li>Le sommeil chez le nourrisson et le b\u00e9b\u00e9<\/li>\n<\/ul>\n<p>mais vous aurez \u00e9galement la possiblit\u00e9 de poser toutes les autres questions que vous souhaitez[\/vc_column_text][\/vc_column][vc_column width=\u00a0\u00bb1\/2&Prime;][vc_single_image image=\u00a0\u00bb1152&Prime; img_size=\u00a0\u00bblarge\u00a0\u00bb alignment=\u00a0\u00bbcenter\u00a0\u00bb style=\u00a0\u00bbvc_box_shadow_border\u00a0\u00bb label=\u00a0\u00bb\u00a0\u00bb][\/vc_column][\/vc_row]<\/p>\n<\/div>","protected":false},"excerpt":{"rendered":"<p>[vc_row][vc_column width=\u00a0\u00bb1\/2&Prime;][vc_column_text]La naissance est souvent un moment de grande remise en &#8230; <\/p>\n","protected":false},"author":1,"featured_media":0,"parent":0,"menu_order":0,"comment_status":"closed","ping_status":"closed","template":"","meta":{"footnotes":""},"class_list":["post-1151","page","type-page","status-publish","hentry"],"_links":{"self":[{"href":"https:\/\/leniddange.com\/index.php?rest_route=\/wp\/v2\/pages\/1151","targetHints":{"allow":["GET"]}}],"collection":[{"href":"https:\/\/leniddange.com\/index.php?rest_route=\/wp\/v2\/pages"}],"about":[{"href":"https:\/\/leniddange.com\/index.php?rest_route=\/wp\/v2\/types\/page"}],"author":[{"embeddable":true,"href":"https:\/\/leniddange.com\/index.php?rest_route=\/wp\/v2\/users\/1"}],"replies":[{"embeddable":true,"href":"https:\/\/leniddange.com\/index.php?rest_route=%2Fwp%2Fv2%2Fcomments&post=1151"}],"version-history":[{"count":0,"href":"https:\/\/leniddange.com\/index.php?rest_route=\/wp\/v2\/pages\/1151\/revisions"}],"wp:attachment":[{"href":"https:\/\/leniddange.com\/index.php?rest_route=%2Fwp%2Fv2%2Fmedia&parent=1151"}],"curies":[{"name":"wp","href":"https:\/\/api.w.org\/{rel}","templated":true}]}}