{"id":1129,"date":"2018-02-28T09:54:22","date_gmt":"2018-02-28T09:54:22","guid":{"rendered":"http:\/\/mic-dz.com\/ange\/?page_id=1129"},"modified":"2018-02-28T09:54:22","modified_gmt":"2018-02-28T09:54:22","slug":"nos-offres","status":"publish","type":"page","link":"https:\/\/leniddange.com\/?page_id=1129","title":{"rendered":"Nos Packs"},"content":{"rendered":"<div class=\"wpb-content-wrapper\"><p>[vc_row][vc_column][vc_tta_tour style=\u00a0\u00bbmodern\u00a0\u00bb color=\u00a0\u00bbviolet\u00a0\u00bb active_section=\u00a0\u00bb1&Prime;][vc_tta_section title=\u00a0\u00bbPack pr\u00e9natal\u00a0\u00bb tab_id=\u00a0\u00bb1519809822232-06b1c351-6ca3&Prime;][vc_row_inner][vc_column_inner width=\u00a0\u00bb1\/3&Prime;][vc_column_text]<\/p>\n<ul>\n<li>Sport femme enceinte<\/li>\n<li>Atelier nutrition<\/li>\n<li>Massage p\u00e9rin\u00e9al \u00e0 partir de 36 semaines de grossesse<\/li>\n<\/ul>\n<p>[\/vc_column_text][\/vc_column_inner][vc_column_inner width=\u00a0\u00bb1\/3&Prime;][vc_single_image image=\u00a0\u00bb1207&Prime; alignment=\u00a0\u00bbcenter\u00a0\u00bb style=\u00a0\u00bbvc_box_outline\u00a0\u00bb border_color=\u00a0\u00bbblack\u00a0\u00bb][vc_column_text]<\/p>\n<p style=\"text-align: center;\"><a href=\"http:\/\/leniddange.com\/?page_id=1214\">Atelier pr\u00e9paration \u00e0 l\u2019accouchement<\/a><\/p>\n<p>[\/vc_column_text][\/vc_column_inner][vc_column_inner width=\u00a0\u00bb1\/3&Prime;][vc_single_image image=\u00a0\u00bb1208&Prime; alignment=\u00a0\u00bbcenter\u00a0\u00bb style=\u00a0\u00bbvc_box_outline\u00a0\u00bb border_color=\u00a0\u00bbblack\u00a0\u00bb][vc_column_text]<\/p>\n<p style=\"text-align: center;\"><a href=\"http:\/\/leniddange.com\/?page_id=1151\">Atelier pu\u00e9riculture<\/a><\/p>\n<p>[\/vc_column_text][\/vc_column_inner][\/vc_row_inner][\/vc_tta_section][vc_tta_section title=\u00a0\u00bbPack postnatal\u00a0\u00bb tab_id=\u00a0\u00bb1543436769819-698cb2fd-8372&Prime;][vc_row_inner][vc_column_inner width=\u00a0\u00bb1\/2&Prime;][vc_column_text]<\/p>\n<ul>\n<li>R\u00e9\u00e9ducation p\u00e9rin\u00e9al<\/li>\n<li>Remise en forme<\/li>\n<li>Atelier massage b\u00e9b\u00e9<\/li>\n<li>Shooting photo b\u00e9b\u00e9<\/li>\n<li>Sport avec \/ ou sans enfant<\/li>\n<li>Atelier nutrition<\/li>\n<\/ul>\n<p>[\/vc_column_text][\/vc_column_inner][vc_column_inner width=\u00a0\u00bb1\/2&Prime;][vc_single_image image=\u00a0\u00bb1341&Prime; img_size=\u00a0\u00bbmedium\u00a0\u00bb alignment=\u00a0\u00bbcenter\u00a0\u00bb style=\u00a0\u00bbvc_box_outline\u00a0\u00bb border_color=\u00a0\u00bbblack\u00a0\u00bb][\/vc_column_inner][\/vc_row_inner][\/vc_tta_section][vc_tta_section title=\u00a0\u00bbPack bien \u00eatre\u00a0\u00bb tab_id=\u00a0\u00bb1543437136650-4f492401-a750&Prime;][vc_row_inner][vc_column_inner width=\u00a0\u00bb1\/2&Prime;][vc_column_text]<\/p>\n<ul>\n<li>Massage femme enceinte<\/li>\n<li>Massage corps complet<\/li>\n<li>Massage amincissant<\/li>\n<li>Pressoth\u00e9rapie<\/li>\n<li>\u00c9pilation corps complet<\/li>\n<li>Onglerie<\/li>\n<\/ul>\n<p>[\/vc_column_text][\/vc_column_inner][vc_column_inner width=\u00a0\u00bb1\/2&Prime;][vc_single_image image=\u00a0\u00bb1342&Prime; img_size=\u00a0\u00bbmedium\u00a0\u00bb alignment=\u00a0\u00bbcenter\u00a0\u00bb style=\u00a0\u00bbvc_box_outline\u00a0\u00bb border_color=\u00a0\u00bbblack\u00a0\u00bb][\/vc_column_inner][\/vc_row_inner][\/vc_tta_section][vc_tta_section title=\u00a0\u00bbRemise en forme\u00a0\u00bb tab_id=\u00a0\u00bb1519810246994-9840b7bb-53e1&Prime;][vc_row_inner][vc_column_inner width=\u00a0\u00bb1\/2&Prime;][vc_column_text]La pressoth\u00e9rapie est une sp\u00e9cialit\u00e9 param\u00e9dicale qui permet des jambes l\u00e9g\u00e8res et peau ferme sans cellulite. La pressoth\u00e9rapie est effectu\u00e9e gr\u00e2ce \u00e0 des bottes disproportionn\u00e9es qui agissent sur la cellulite, les cellules graisseuses et la circulation sanguine en appliquant des pressions sur les jambes.<\/p>\n<p>La cure de pressotherapie s&rsquo;effectue \u00e0 partir de 6 semaine pour un accouchement normal , 2 mois pour une c\u00e9sarienne et comprend :<\/p>\n<ul>\n<li>12 s\u00e9ances de pressotherapie<\/li>\n<li>12 s\u00e9ances de tapis (20 a 30 minutes ) avant chaque s\u00e9ance de pressotherapie<\/li>\n<li>atelier nutrition<\/li>\n<\/ul>\n<p><em>Pas d&rsquo;excuses avec vos b\u00e9b\u00e9s la garde d&rsquo;enfant est gratuite au nid d&rsquo;ange..<\/em>[\/vc_column_text][\/vc_column_inner][vc_column_inner width=\u00a0\u00bb1\/2&Prime;][vc_single_image image=\u00a0\u00bb1130&Prime; img_size=\u00a0\u00bb600&#215;600&Prime; alignment=\u00a0\u00bbcenter\u00a0\u00bb style=\u00a0\u00bbvc_box_shadow_border\u00a0\u00bb][\/vc_column_inner][\/vc_row_inner][\/vc_tta_section][\/vc_tta_tour][\/vc_column][\/vc_row]<\/p>\n<\/div>","protected":false},"excerpt":{"rendered":"<p>[vc_row][vc_column][vc_tta_tour style=\u00a0\u00bbmodern\u00a0\u00bb color=\u00a0\u00bbviolet\u00a0\u00bb active_section=\u00a0\u00bb1&Prime;][vc_tta_section title=\u00a0\u00bbPack pr\u00e9natal\u00a0\u00bb tab_id=\u00a0\u00bb1519809822232-06b1c351-6ca3&Prime;][vc_row_inner][vc_column_inner width=\u00a0\u00bb1\/3&Prime;][vc_column_text] Sport femme enceinte &#8230; <\/p>\n","protected":false},"author":1,"featured_media":0,"parent":0,"menu_order":0,"comment_status":"closed","ping_status":"closed","template":"","meta":{"footnotes":""},"class_list":["post-1129","page","type-page","status-publish","hentry"],"_links":{"self":[{"href":"https:\/\/leniddange.com\/index.php?rest_route=\/wp\/v2\/pages\/1129","targetHints":{"allow":["GET"]}}],"collection":[{"href":"https:\/\/leniddange.com\/index.php?rest_route=\/wp\/v2\/pages"}],"about":[{"href":"https:\/\/leniddange.com\/index.php?rest_route=\/wp\/v2\/types\/page"}],"author":[{"embeddable":true,"href":"https:\/\/leniddange.com\/index.php?rest_route=\/wp\/v2\/users\/1"}],"replies":[{"embeddable":true,"href":"https:\/\/leniddange.com\/index.php?rest_route=%2Fwp%2Fv2%2Fcomments&post=1129"}],"version-history":[{"count":0,"href":"https:\/\/leniddange.com\/index.php?rest_route=\/wp\/v2\/pages\/1129\/revisions"}],"wp:attachment":[{"href":"https:\/\/leniddange.com\/index.php?rest_route=%2Fwp%2Fv2%2Fmedia&parent=1129"}],"curies":[{"name":"wp","href":"https:\/\/api.w.org\/{rel}","templated":true}]}}